{"id":479,"date":"2023-04-12T19:34:23","date_gmt":"2023-04-12T19:34:23","guid":{"rendered":"https:\/\/centauroagrovet.com.br\/centauroagrovet\/?post_type=product&#038;p=479"},"modified":"2023-05-23T19:12:00","modified_gmt":"2023-05-23T19:12:00","slug":"bota-masculina-goyazes-modelo213001-cf","status":"publish","type":"product","link":"https:\/\/centauroagrovet.com.br\/centauroagrovet\/product\/bota-masculina-goyazes-modelo213001-cf\/","title":{"rendered":"Bota Masculina Goyazes Modelo213001-cf"},"content":{"rendered":"<h1 style=\"text-align: center;\"><em><strong>Bota Goyazes Masculina 213001-CF<\/strong><\/em><\/h1>\n<p>P\u00e9 fabricado em couro bovino na cor Marrom, com flor\u00e3o bordado no peito do p\u00e9. Bico Quadrado.<\/p>\n<p>Cano em couro bovino, na cor Azul, com bordados. Cano forrado em couro e tecido com costuras de prote\u00e7\u00e3o personalizada com logo Goyazes. Possui puxador de couro nas laterais.<\/p>\n<p>Solado Flex de borracha antiderrapante, proporcionando maior conforto e durabilidade.<\/p>\n<div class=\"input-append input-prepend\"><a href=\"https:\/\/www.sinonimos.com.br\/conforto\/#:~:text=Comodidade%3A,%2C%20consolo%2C%20lenitivo%2C%20rem%C3%A9dio.\">conforto: <\/a><\/div>\n<div class=\"input-append input-prepend\"><a href=\"https:\/\/centauroagrovet.com.br\/\">estilo de vida<\/a><\/div>\n<div>\n<h6><\/h6>\n<h6>A Centauro Agrovet \u00e9 uma loja especializada em moda country, equipamentos, suplementos<br \/>\ne tralhas para cavalos.<br \/>\nVendas pelo nosso site ou pelo WhatsApp 14 99113-3839.<br \/>\nOs produtos anunciados possuem pronta entrega.<br \/>\nEnviamos para todo o Brasil.<br \/>\nComprar na Centauro Agrovet \u00e9 escolher o que a de melhor no mundo country, com o melhor<br \/>\npre\u00e7o e a garantia de um produto de excel\u00eancia.<br \/>\nTodos os nossos produtos s\u00e3o revisados antes de serem embalados.<br \/>\nA nossa equipe agradece sua prefer\u00eancia e est\u00e1 sempre pronta para atend\u00ea-lo.<\/h6>\n<h6>Aten\u00e7\u00e3o: as fotos s\u00e3o reais das pe\u00e7as, as cores podem sofrer altera\u00e7\u00e3o devido a<br \/>\nluminosidade de cada tela.<\/h6>\n<\/div>\n","protected":false},"excerpt":{"rendered":"<p><strong>Bota Goyazes<\/strong><\/p>\n","protected":false},"featured_media":562,"comment_status":"open","ping_status":"closed","template":"","meta":[],"product_brand":[],"product_cat":[86,106,85],"product_tag":[76,98,88,89,79,81,90,91,92,93,94,95,84,96],"class_list":{"0":"post-479","1":"product","2":"type-product","3":"status-publish","4":"has-post-thumbnail","6":"product_cat-calcado","7":"product_cat-calcado-masculino","8":"product_cat-vestuario","9":"product_tag-agro","10":"product_tag-azul","11":"product_tag-bordado","12":"product_tag-bota","13":"product_tag-campo","14":"product_tag-centauro-agrovet","15":"product_tag-country","16":"product_tag-couro","17":"product_tag-estilo-country","18":"product_tag-goyazes","19":"product_tag-marrom","20":"product_tag-moda-country","21":"product_tag-sao-manuel","22":"product_tag-texana","24":"first","25":"instock","26":"shipping-taxable","27":"product-type-variable"},"_links":{"self":[{"href":"https:\/\/centauroagrovet.com.br\/centauroagrovet\/wp-json\/wp\/v2\/product\/479","targetHints":{"allow":["GET"]}}],"collection":[{"href":"https:\/\/centauroagrovet.com.br\/centauroagrovet\/wp-json\/wp\/v2\/product"}],"about":[{"href":"https:\/\/centauroagrovet.com.br\/centauroagrovet\/wp-json\/wp\/v2\/types\/product"}],"replies":[{"embeddable":true,"href":"https:\/\/centauroagrovet.com.br\/centauroagrovet\/wp-json\/wp\/v2\/comments?post=479"}],"wp:featuredmedia":[{"embeddable":true,"href":"https:\/\/centauroagrovet.com.br\/centauroagrovet\/wp-json\/wp\/v2\/media\/562"}],"wp:attachment":[{"href":"https:\/\/centauroagrovet.com.br\/centauroagrovet\/wp-json\/wp\/v2\/media?parent=479"}],"wp:term":[{"taxonomy":"product_brand","embeddable":true,"href":"https:\/\/centauroagrovet.com.br\/centauroagrovet\/wp-json\/wp\/v2\/product_brand?post=479"},{"taxonomy":"product_cat","embeddable":true,"href":"https:\/\/centauroagrovet.com.br\/centauroagrovet\/wp-json\/wp\/v2\/product_cat?post=479"},{"taxonomy":"product_tag","embeddable":true,"href":"https:\/\/centauroagrovet.com.br\/centauroagrovet\/wp-json\/wp\/v2\/product_tag?post=479"}],"curies":[{"name":"wp","href":"https:\/\/api.w.org\/{rel}","templated":true}]}}