{"id":468,"date":"2023-04-12T19:34:21","date_gmt":"2023-04-12T19:34:21","guid":{"rendered":"https:\/\/centauroagrovet.com.br\/centauroagrovet\/?post_type=product&#038;p=468"},"modified":"2023-04-12T19:37:38","modified_gmt":"2023-04-12T19:37:38","slug":"cinto-masculino-paul-western-373","status":"publish","type":"product","link":"https:\/\/centauroagrovet.com.br\/centauroagrovet\/product\/cinto-masculino-paul-western-373\/","title":{"rendered":"Cinto Masculino Paul Western 373"},"content":{"rendered":"<h1 style=\"text-align: center;\"><em><strong>Cinto Masculino Paul Western 373<\/strong><\/em><\/h1>\n<p>Fabricado em couro leg\u00edtimo de Boi, entalhado, cor Marrom.<br \/>\nPossui fivela prateada, com detalhes em dourado e fundo preto, remov\u00edvel e passador de couro tamb\u00e9m remov\u00edvel.<\/p>\n<p>Largura Aproximada: 4,0 cm<\/p>\n<p>ref. 373<\/p>\n<div class=\"input-append input-prepend\"><a href=\"https:\/\/www.sinonimos.com.br\/conforto\/#:~:text=Comodidade%3A,%2C%20consolo%2C%20lenitivo%2C%20rem%C3%A9dio.\">conforto: <\/a><\/div>\n<div class=\"input-append input-prepend\"><a href=\"https:\/\/centauroagrovet.com.br\/\">estilo de vida<\/a><\/div>\n<div>\n<h6><\/h6>\n<h6>A Centauro Agrovet \u00e9 uma loja especializada em moda country, equipamentos, suplementos<br \/>\ne tralhas para cavalos.<br \/>\nVendas pelo nosso site ou pelo WhatsApp 14 99113-3839.<br \/>\nOs produtos anunciados possuem pronta entrega.<br \/>\nEnviamos para todo o Brasil.<br \/>\nComprar na Centauro Agrovet \u00e9 escolher o que a de melhor no mundo country, com o melhor<br \/>\npre\u00e7o e a garantia de um produto de excel\u00eancia.<br \/>\nTodos os nossos produtos s\u00e3o revisados antes de serem embalados.<br \/>\nA nossa equipe agradece sua prefer\u00eancia e est\u00e1 sempre pronta para atend\u00ea-lo.<\/h6>\n<h6>Aten\u00e7\u00e3o: as fotos s\u00e3o reais das pe\u00e7as, as cores podem sofrer altera\u00e7\u00e3o devido a<br \/>\nluminosidade de cada tela.<\/h6>\n<\/div>\n","protected":false},"excerpt":{"rendered":"<h3><em><strong>Paul Western<\/strong><\/em><\/h3>\n","protected":false},"featured_media":527,"comment_status":"open","ping_status":"closed","template":"","meta":[],"product_brand":[],"product_cat":[107],"product_tag":[76,88,79,81,108,90,91,92,94,95,109,84],"class_list":{"0":"post-468","1":"product","2":"type-product","3":"status-publish","4":"has-post-thumbnail","6":"product_cat-cintos","7":"product_tag-agro","8":"product_tag-bordado","9":"product_tag-campo","10":"product_tag-centauro-agrovet","11":"product_tag-cinto","12":"product_tag-country","13":"product_tag-couro","14":"product_tag-estilo-country","15":"product_tag-marrom","16":"product_tag-moda-country","17":"product_tag-paul-western","18":"product_tag-sao-manuel","20":"first","21":"outofstock","22":"shipping-taxable","23":"product-type-variable"},"_links":{"self":[{"href":"https:\/\/centauroagrovet.com.br\/centauroagrovet\/wp-json\/wp\/v2\/product\/468","targetHints":{"allow":["GET"]}}],"collection":[{"href":"https:\/\/centauroagrovet.com.br\/centauroagrovet\/wp-json\/wp\/v2\/product"}],"about":[{"href":"https:\/\/centauroagrovet.com.br\/centauroagrovet\/wp-json\/wp\/v2\/types\/product"}],"replies":[{"embeddable":true,"href":"https:\/\/centauroagrovet.com.br\/centauroagrovet\/wp-json\/wp\/v2\/comments?post=468"}],"wp:featuredmedia":[{"embeddable":true,"href":"https:\/\/centauroagrovet.com.br\/centauroagrovet\/wp-json\/wp\/v2\/media\/527"}],"wp:attachment":[{"href":"https:\/\/centauroagrovet.com.br\/centauroagrovet\/wp-json\/wp\/v2\/media?parent=468"}],"wp:term":[{"taxonomy":"product_brand","embeddable":true,"href":"https:\/\/centauroagrovet.com.br\/centauroagrovet\/wp-json\/wp\/v2\/product_brand?post=468"},{"taxonomy":"product_cat","embeddable":true,"href":"https:\/\/centauroagrovet.com.br\/centauroagrovet\/wp-json\/wp\/v2\/product_cat?post=468"},{"taxonomy":"product_tag","embeddable":true,"href":"https:\/\/centauroagrovet.com.br\/centauroagrovet\/wp-json\/wp\/v2\/product_tag?post=468"}],"curies":[{"name":"wp","href":"https:\/\/api.w.org\/{rel}","templated":true}]}}