{"id":467,"date":"2023-04-12T19:34:21","date_gmt":"2023-04-12T19:34:21","guid":{"rendered":"https:\/\/centauroagrovet.com.br\/centauroagrovet\/?post_type=product&#038;p=467"},"modified":"2023-05-23T19:11:27","modified_gmt":"2023-05-23T19:11:27","slug":"bota-feminina-goyazes-modelo-213202-ck","status":"publish","type":"product","link":"https:\/\/centauroagrovet.com.br\/centauroagrovet\/product\/bota-feminina-goyazes-modelo-213202-ck\/","title":{"rendered":"Bota Feminina Goyazes Modelo 213202-ck"},"content":{"rendered":"<h1>Bota Feminina Goyazes Modelo 213202-ck<\/h1>\n<p>P\u00e9 Fabricado em couro leg\u00edtimo de boi, na cor Marrom com detalhes bordados . Bico quadrado.<\/p>\n<p>Cano tamb\u00e9m em couro bovino na cor Marrom com detalhes bordados. Possui puxador de couro nas laterais, facilitando o cal\u00e7ar. Cano forrado em couro com costuras de prote\u00e7\u00e3o personalizada com logo Goyazes.<\/p>\n<p>Solado de borracha antiderrapante, modelo Kactus, proporcionando maior conforto e durabilidade.<\/p>\n<div class=\"input-append input-prepend\"><a href=\"https:\/\/www.sinonimos.com.br\/conforto\/#:~:text=Comodidade%3A,%2C%20consolo%2C%20lenitivo%2C%20rem%C3%A9dio.\">conforto: <\/a><\/div>\n<div class=\"input-append input-prepend\"><a href=\"https:\/\/centauroagrovet.com.br\/\">estilo de vida<\/a><\/div>\n<div>\n<h6><\/h6>\n<h6>A Centauro Agrovet \u00e9 uma loja especializada em moda country, equipamentos, suplementos<br \/>\ne tralhas para cavalos.<br \/>\nVendas pelo nosso site ou pelo WhatsApp 14 99113-3839.<br \/>\nOs produtos anunciados possuem pronta entrega.<br \/>\nEnviamos para todo o Brasil.<br \/>\nComprar na Centauro Agrovet \u00e9 escolher o que a de melhor no mundo country, com o melhor<br \/>\npre\u00e7o e a garantia de um produto de excel\u00eancia.<br \/>\nTodos os nossos produtos s\u00e3o revisados antes de serem embalados.<br \/>\nA nossa equipe agradece sua prefer\u00eancia e est\u00e1 sempre pronta para atend\u00ea-lo.<\/h6>\n<h6>Aten\u00e7\u00e3o: as fotos s\u00e3o reais das pe\u00e7as, as cores podem sofrer altera\u00e7\u00e3o devido a<br \/>\nluminosidade de cada tela.<\/h6>\n<\/div>\n","protected":false},"excerpt":{"rendered":"<p><em>Goyazes-Couro Legitimo<\/em><\/p>\n","protected":false},"featured_media":522,"comment_status":"open","ping_status":"closed","template":"","meta":[],"product_brand":[],"product_cat":[86,87,85],"product_tag":[76,88,89,79,81,90,91,92,93,94,95,84,96],"class_list":{"0":"post-467","1":"product","2":"type-product","3":"status-publish","4":"has-post-thumbnail","6":"product_cat-calcado","7":"product_cat-calcado-feminino","8":"product_cat-vestuario","9":"product_tag-agro","10":"product_tag-bordado","11":"product_tag-bota","12":"product_tag-campo","13":"product_tag-centauro-agrovet","14":"product_tag-country","15":"product_tag-couro","16":"product_tag-estilo-country","17":"product_tag-goyazes","18":"product_tag-marrom","19":"product_tag-moda-country","20":"product_tag-sao-manuel","21":"product_tag-texana","23":"first","24":"instock","25":"shipping-taxable","26":"product-type-variable"},"_links":{"self":[{"href":"https:\/\/centauroagrovet.com.br\/centauroagrovet\/wp-json\/wp\/v2\/product\/467","targetHints":{"allow":["GET"]}}],"collection":[{"href":"https:\/\/centauroagrovet.com.br\/centauroagrovet\/wp-json\/wp\/v2\/product"}],"about":[{"href":"https:\/\/centauroagrovet.com.br\/centauroagrovet\/wp-json\/wp\/v2\/types\/product"}],"replies":[{"embeddable":true,"href":"https:\/\/centauroagrovet.com.br\/centauroagrovet\/wp-json\/wp\/v2\/comments?post=467"}],"wp:featuredmedia":[{"embeddable":true,"href":"https:\/\/centauroagrovet.com.br\/centauroagrovet\/wp-json\/wp\/v2\/media\/522"}],"wp:attachment":[{"href":"https:\/\/centauroagrovet.com.br\/centauroagrovet\/wp-json\/wp\/v2\/media?parent=467"}],"wp:term":[{"taxonomy":"product_brand","embeddable":true,"href":"https:\/\/centauroagrovet.com.br\/centauroagrovet\/wp-json\/wp\/v2\/product_brand?post=467"},{"taxonomy":"product_cat","embeddable":true,"href":"https:\/\/centauroagrovet.com.br\/centauroagrovet\/wp-json\/wp\/v2\/product_cat?post=467"},{"taxonomy":"product_tag","embeddable":true,"href":"https:\/\/centauroagrovet.com.br\/centauroagrovet\/wp-json\/wp\/v2\/product_tag?post=467"}],"curies":[{"name":"wp","href":"https:\/\/api.w.org\/{rel}","templated":true}]}}