{"id":461,"date":"2023-04-12T19:34:20","date_gmt":"2023-04-12T19:34:20","guid":{"rendered":"https:\/\/centauroagrovet.com.br\/centauroagrovet\/?post_type=product&#038;p=461"},"modified":"2023-05-23T19:12:18","modified_gmt":"2023-05-23T19:12:18","slug":"bota-infantil-texana-dahora-d204","status":"publish","type":"product","link":"https:\/\/centauroagrovet.com.br\/centauroagrovet\/product\/bota-infantil-texana-dahora-d204\/","title":{"rendered":"Bota Infantil Texana Dahora D204"},"content":{"rendered":"<h1 style=\"text-align: center;\"><em><strong>Bota Infantil Texana Dahora D204<\/strong><\/em><\/h1>\n<p>Bota Country Texana em Couro Leg\u00edtimo,<br \/>\n<strong>marca Dahora.<\/strong><\/p>\n<p>Confeccionada em couro bovino.<br \/>\nSolado emborrachado e Antiderrapante<br \/>\ncom bordados.<\/p>\n<p>REF. D204 FOSSIL MARINHO<\/p>\n<div class=\"input-append input-prepend\"><a href=\"https:\/\/www.sinonimos.com.br\/conforto\/#:~:text=Comodidade%3A,%2C%20consolo%2C%20lenitivo%2C%20rem%C3%A9dio.\">conforto: <\/a><\/div>\n<div class=\"input-append input-prepend\"><a href=\"https:\/\/centauroagrovet.com.br\/\">estilo de vida<\/a><\/div>\n<div>\n<h6><\/h6>\n<h6>A Centauro Agrovet \u00e9 uma loja especializada em moda country, equipamentos, suplementos<br \/>\ne tralhas para cavalos.<br \/>\nVendas pelo nosso site ou pelo WhatsApp 14 99113-3839.<br \/>\nOs produtos anunciados possuem pronta entrega.<br \/>\nEnviamos para todo o Brasil.<br \/>\nComprar na Centauro Agrovet \u00e9 escolher o que a de melhor no mundo country, com o melhor<br \/>\npre\u00e7o e a garantia de um produto de excel\u00eancia.<br \/>\nTodos os nossos produtos s\u00e3o revisados antes de serem embalados.<br \/>\nA nossa equipe agradece sua prefer\u00eancia e est\u00e1 sempre pronta para atend\u00ea-lo.<\/h6>\n<h6>Aten\u00e7\u00e3o: as fotos s\u00e3o reais das pe\u00e7as, as cores podem sofrer altera\u00e7\u00e3o devido a<br \/>\nluminosidade de cada tela.<\/h6>\n<\/div>\n","protected":false},"excerpt":{"rendered":"<p><em>Dahora-Couro Legitimo<\/em><\/p>\n","protected":false},"featured_media":497,"comment_status":"open","ping_status":"closed","template":"","meta":[],"product_brand":[],"product_cat":[86,103,104],"product_tag":[76,88,89,79,81,90,91,105,92,102,94,95,84,96],"class_list":{"0":"post-461","1":"product","2":"type-product","3":"status-publish","4":"has-post-thumbnail","6":"product_cat-calcado","7":"product_cat-calcado-infantil","8":"product_cat-infantil","9":"product_tag-agro","10":"product_tag-bordado","11":"product_tag-bota","12":"product_tag-campo","13":"product_tag-centauro-agrovet","14":"product_tag-country","15":"product_tag-couro","16":"product_tag-dahora","17":"product_tag-estilo-country","18":"product_tag-infantil","19":"product_tag-marrom","20":"product_tag-moda-country","21":"product_tag-sao-manuel","22":"product_tag-texana","24":"first","25":"instock","26":"shipping-taxable","27":"product-type-variable"},"_links":{"self":[{"href":"https:\/\/centauroagrovet.com.br\/centauroagrovet\/wp-json\/wp\/v2\/product\/461","targetHints":{"allow":["GET"]}}],"collection":[{"href":"https:\/\/centauroagrovet.com.br\/centauroagrovet\/wp-json\/wp\/v2\/product"}],"about":[{"href":"https:\/\/centauroagrovet.com.br\/centauroagrovet\/wp-json\/wp\/v2\/types\/product"}],"replies":[{"embeddable":true,"href":"https:\/\/centauroagrovet.com.br\/centauroagrovet\/wp-json\/wp\/v2\/comments?post=461"}],"wp:featuredmedia":[{"embeddable":true,"href":"https:\/\/centauroagrovet.com.br\/centauroagrovet\/wp-json\/wp\/v2\/media\/497"}],"wp:attachment":[{"href":"https:\/\/centauroagrovet.com.br\/centauroagrovet\/wp-json\/wp\/v2\/media?parent=461"}],"wp:term":[{"taxonomy":"product_brand","embeddable":true,"href":"https:\/\/centauroagrovet.com.br\/centauroagrovet\/wp-json\/wp\/v2\/product_brand?post=461"},{"taxonomy":"product_cat","embeddable":true,"href":"https:\/\/centauroagrovet.com.br\/centauroagrovet\/wp-json\/wp\/v2\/product_cat?post=461"},{"taxonomy":"product_tag","embeddable":true,"href":"https:\/\/centauroagrovet.com.br\/centauroagrovet\/wp-json\/wp\/v2\/product_tag?post=461"}],"curies":[{"name":"wp","href":"https:\/\/api.w.org\/{rel}","templated":true}]}}