{"id":460,"date":"2023-04-12T19:34:20","date_gmt":"2023-04-12T19:34:20","guid":{"rendered":"https:\/\/centauroagrovet.com.br\/centauroagrovet\/?post_type=product&#038;p=460"},"modified":"2023-04-12T19:35:06","modified_gmt":"2023-04-12T19:35:06","slug":"calca-jeans-infantil-bordada","status":"publish","type":"product","link":"https:\/\/centauroagrovet.com.br\/centauroagrovet\/product\/calca-jeans-infantil-bordada\/","title":{"rendered":"Cal\u00e7a jeans Infantil Bordada"},"content":{"rendered":"<h1>Cal\u00e7a jeans Infantil Bordada<\/h1>\n<p>Cal\u00e7a Jeans Infantil 98% algod\u00e3o e 2% elastano. Bordados nos bolsos. Modelo flare.<\/p>\n<p>Dispon\u00edvel no jeans escuro.<\/p>\n<p>Refer\u00eancia 202003.<\/p>\n<div class=\"input-append input-prepend\"><a href=\"https:\/\/www.sinonimos.com.br\/conforto\/#:~:text=Comodidade%3A,%2C%20consolo%2C%20lenitivo%2C%20rem%C3%A9dio.\">conforto: <\/a><\/div>\n<div class=\"input-append input-prepend\"><a href=\"https:\/\/centauroagrovet.com.br\/\">estilo de vida<\/a><\/div>\n<div>\n<h6><\/h6>\n<h6>A Centauro Agrovet \u00e9 uma loja especializada em moda country, equipamentos, suplementos<br \/>\ne tralhas para cavalos.<br \/>\nVendas pelo nosso site ou pelo WhatsApp 14 99113-3839.<br \/>\nOs produtos anunciados possuem pronta entrega.<br \/>\nEnviamos para todo o Brasil.<br \/>\nComprar na Centauro Agrovet \u00e9 escolher o que a de melhor no mundo country, com o melhor<br \/>\npre\u00e7o e a garantia de um produto de excel\u00eancia.<br \/>\nTodos os nossos produtos s\u00e3o revisados antes de serem embalados.<br \/>\nA nossa equipe agradece sua prefer\u00eancia e est\u00e1 sempre pronta para atend\u00ea-lo.<\/h6>\n<h6>Aten\u00e7\u00e3o: as fotos s\u00e3o reais das pe\u00e7as, as cores podem sofrer altera\u00e7\u00e3o devido a<br \/>\nluminosidade de cada tela.<\/h6>\n<\/div>\n","protected":false},"excerpt":{"rendered":"<h3><em>Marca Caballo<\/em><\/h3>\n","protected":false},"featured_media":495,"comment_status":"open","ping_status":"closed","template":"","meta":[],"product_brand":[],"product_cat":[97],"product_tag":[76,98,99,88,100,101,79,81,90,92,102,95],"class_list":{"0":"post-460","1":"product","2":"type-product","3":"status-publish","4":"has-post-thumbnail","6":"product_cat-roupa-infantil","7":"product_tag-agro","8":"product_tag-azul","9":"product_tag-bolso","10":"product_tag-bordado","11":"product_tag-caballo","12":"product_tag-calca-jeans","13":"product_tag-campo","14":"product_tag-centauro-agrovet","15":"product_tag-country","16":"product_tag-estilo-country","17":"product_tag-infantil","18":"product_tag-moda-country","20":"first","21":"outofstock","22":"shipping-taxable","23":"product-type-variable"},"_links":{"self":[{"href":"https:\/\/centauroagrovet.com.br\/centauroagrovet\/wp-json\/wp\/v2\/product\/460","targetHints":{"allow":["GET"]}}],"collection":[{"href":"https:\/\/centauroagrovet.com.br\/centauroagrovet\/wp-json\/wp\/v2\/product"}],"about":[{"href":"https:\/\/centauroagrovet.com.br\/centauroagrovet\/wp-json\/wp\/v2\/types\/product"}],"replies":[{"embeddable":true,"href":"https:\/\/centauroagrovet.com.br\/centauroagrovet\/wp-json\/wp\/v2\/comments?post=460"}],"wp:featuredmedia":[{"embeddable":true,"href":"https:\/\/centauroagrovet.com.br\/centauroagrovet\/wp-json\/wp\/v2\/media\/495"}],"wp:attachment":[{"href":"https:\/\/centauroagrovet.com.br\/centauroagrovet\/wp-json\/wp\/v2\/media?parent=460"}],"wp:term":[{"taxonomy":"product_brand","embeddable":true,"href":"https:\/\/centauroagrovet.com.br\/centauroagrovet\/wp-json\/wp\/v2\/product_brand?post=460"},{"taxonomy":"product_cat","embeddable":true,"href":"https:\/\/centauroagrovet.com.br\/centauroagrovet\/wp-json\/wp\/v2\/product_cat?post=460"},{"taxonomy":"product_tag","embeddable":true,"href":"https:\/\/centauroagrovet.com.br\/centauroagrovet\/wp-json\/wp\/v2\/product_tag?post=460"}],"curies":[{"name":"wp","href":"https:\/\/api.w.org\/{rel}","templated":true}]}}