{"id":454,"date":"2023-04-12T19:34:19","date_gmt":"2023-04-12T19:34:19","guid":{"rendered":"https:\/\/centauroagrovet.com.br\/centauroagrovet\/?post_type=product&#038;p=454"},"modified":"2023-04-12T19:34:26","modified_gmt":"2023-04-12T19:34:26","slug":"leave-in-desembraracador-brene-horse","status":"publish","type":"product","link":"https:\/\/centauroagrovet.com.br\/centauroagrovet\/product\/leave-in-desembraracador-brene-horse\/","title":{"rendered":"Leave-In Desembrara\u00e7ador Brene Horse"},"content":{"rendered":"<h1 style=\"text-align: center;\"><em><strong>Leave In Desembara\u00e7ador <\/strong><br \/>\n<strong>Brene Horse 1 Litro<\/strong><\/em><\/h1>\n<p>Desenvolvido para desembara\u00e7o dos fios proporcionando brilho, tratamento e perfume. Desembara\u00e7a, amacia e perfuma, um tratamento completo com brilho.<\/p>\n<p>Composi\u00e7\u00e3o: &#8211; Aqua \u2013 Dimethicone \u2013 Protein \u2013 Parfum &#8211; Citric Acid.<\/p>\n<p>Modo de Usar: Aplique uma pequena quantidade nos fios antes de iniciar o processo de escova.<\/p>\n<p>Precau\u00e7\u00f5es:<br \/>\n&#8211; Uso externo.<br \/>\n&#8211; Em contato com os olhos enx\u00e1gue com \u00e1gua em abund\u00e2ncia.<br \/>\n&#8211; Em caso de irrita\u00e7\u00e3o, suspenda o uso e procure orienta\u00e7\u00e3o m\u00e9dica.<br \/>\n&#8211; Manter fora do alcance de crian\u00e7as.<br \/>\n&#8211; Conservar o produto \u00e0 temperatura ambiente e ao abrigo da luz.<\/p>\n<p>Frasco contendo 1 Litro com borrifador.<\/p>\n<div class=\"input-append input-prepend\"><a href=\"https:\/\/www.sinonimos.com.br\/conforto\/#:~:text=Comodidade%3A,%2C%20consolo%2C%20lenitivo%2C%20rem%C3%A9dio.\">conforto: <\/a><\/div>\n<div class=\"input-append input-prepend\"><a href=\"https:\/\/centauroagrovet.com.br\/\">estilo de vida<\/a><\/div>\n<div>\n<h6><\/h6>\n<h6>A Centauro Agrovet \u00e9 uma loja especializada em moda country, equipamentos, suplementos<br \/>\ne tralhas para cavalos.<br \/>\nVendas pelo nosso site ou pelo WhatsApp 14 99113-3839.<br \/>\nOs produtos anunciados possuem pronta entrega.<br \/>\nEnviamos para todo o Brasil.<br \/>\nComprar na Centauro Agrovet \u00e9 escolher o que a de melhor no mundo country, com o melhor<br \/>\npre\u00e7o e a garantia de um produto de excel\u00eancia.<br \/>\nTodos os nossos produtos s\u00e3o revisados antes de serem embalados.<br \/>\nA nossa equipe agradece sua prefer\u00eancia e est\u00e1 sempre pronta para atend\u00ea-lo.<\/h6>\n<h6>Aten\u00e7\u00e3o: as fotos s\u00e3o reais das pe\u00e7as, as cores podem sofrer altera\u00e7\u00e3o devido a<br \/>\nluminosidade de cada tela.<\/h6>\n<\/div>\n","protected":false},"excerpt":{"rendered":"<h1><b><i>BRENE HORSE<\/i><\/b><\/h1>\n<p>&nbsp;<\/p>\n","protected":false},"featured_media":484,"comment_status":"open","ping_status":"closed","template":"","meta":[],"product_brand":[],"product_cat":[75],"product_tag":[76,78,79,80,81,82,83,84],"class_list":{"0":"post-454","1":"product","2":"type-product","3":"status-publish","4":"has-post-thumbnail","6":"product_cat-farmacia-veterinaria","7":"product_tag-agro","8":"product_tag-brene-horse","9":"product_tag-campo","10":"product_tag-cavalo","11":"product_tag-centauro-agrovet","12":"product_tag-cuidados","13":"product_tag-produtos","14":"product_tag-sao-manuel","16":"first","17":"instock","18":"shipping-taxable","19":"purchasable","20":"product-type-simple"},"_links":{"self":[{"href":"https:\/\/centauroagrovet.com.br\/centauroagrovet\/wp-json\/wp\/v2\/product\/454","targetHints":{"allow":["GET"]}}],"collection":[{"href":"https:\/\/centauroagrovet.com.br\/centauroagrovet\/wp-json\/wp\/v2\/product"}],"about":[{"href":"https:\/\/centauroagrovet.com.br\/centauroagrovet\/wp-json\/wp\/v2\/types\/product"}],"replies":[{"embeddable":true,"href":"https:\/\/centauroagrovet.com.br\/centauroagrovet\/wp-json\/wp\/v2\/comments?post=454"}],"wp:featuredmedia":[{"embeddable":true,"href":"https:\/\/centauroagrovet.com.br\/centauroagrovet\/wp-json\/wp\/v2\/media\/484"}],"wp:attachment":[{"href":"https:\/\/centauroagrovet.com.br\/centauroagrovet\/wp-json\/wp\/v2\/media?parent=454"}],"wp:term":[{"taxonomy":"product_brand","embeddable":true,"href":"https:\/\/centauroagrovet.com.br\/centauroagrovet\/wp-json\/wp\/v2\/product_brand?post=454"},{"taxonomy":"product_cat","embeddable":true,"href":"https:\/\/centauroagrovet.com.br\/centauroagrovet\/wp-json\/wp\/v2\/product_cat?post=454"},{"taxonomy":"product_tag","embeddable":true,"href":"https:\/\/centauroagrovet.com.br\/centauroagrovet\/wp-json\/wp\/v2\/product_tag?post=454"}],"curies":[{"name":"wp","href":"https:\/\/api.w.org\/{rel}","templated":true}]}}